{"id":20,"date":"2020-12-12T23:18:30","date_gmt":"2020-12-12T22:18:30","guid":{"rendered":"http:\/\/info.promega.cc\/?page_id=20"},"modified":"2024-04-11T19:13:58","modified_gmt":"2024-04-11T17:13:58","slug":"ueber-uns","status":"publish","type":"page","link":"https:\/\/www.promega.cc\/de_de\/ueber-uns\/","title":{"rendered":"\u00dcber uns"},"content":{"rendered":"\t\t<div data-elementor-type=\"wp-page\" data-elementor-id=\"20\" class=\"elementor elementor-20\" data-elementor-post-type=\"page\">\n\t\t\t\t\t\t<section class=\"elementor-section elementor-top-section elementor-element elementor-element-9c88510 elementor-section-boxed elementor-section-height-default elementor-section-height-default\" data-id=\"9c88510\" data-element_type=\"section\" data-e-type=\"section\">\n\t\t\t\t\t\t<div class=\"elementor-container elementor-column-gap-default\">\n\t\t\t\t\t<div class=\"elementor-column elementor-col-100 elementor-top-column elementor-element elementor-element-efbabf4\" data-id=\"efbabf4\" data-element_type=\"column\" data-e-type=\"column\">\n\t\t\t<div class=\"elementor-widget-wrap elementor-element-populated\">\n\t\t\t\t\t\t<div class=\"elementor-element elementor-element-161bfac elementor-widget elementor-widget-spacer\" data-id=\"161bfac\" data-element_type=\"widget\" data-e-type=\"widget\" data-widget_type=\"spacer.default\">\n\t\t\t\t<div class=\"elementor-widget-container\">\n\t\t\t\t\t\t\t<div class=\"elementor-spacer\">\n\t\t\t<div class=\"elementor-spacer-inner\"><\/div>\n\t\t<\/div>\n\t\t\t\t\t\t<\/div>\n\t\t\t\t<\/div>\n\t\t\t\t\t<\/div>\n\t\t<\/div>\n\t\t\t\t\t<\/div>\n\t\t<\/section>\n\t\t\t\t<section class=\"elementor-section elementor-top-section elementor-element elementor-element-abe85c3 elementor-section-full_width elementor-section-height-default elementor-section-height-default\" data-id=\"abe85c3\" data-element_type=\"section\" data-e-type=\"section\" data-settings=\"{&quot;background_background&quot;:&quot;classic&quot;,&quot;shape_divider_top&quot;:&quot;mountains&quot;}\">\n\t\t\t\t\t<div class=\"elementor-shape elementor-shape-top\" aria-hidden=\"true\" data-negative=\"false\">\n\t\t\t<svg xmlns=\"http:\/\/www.w3.org\/2000\/svg\" viewBox=\"0 0 1000 100\" preserveAspectRatio=\"none\">\n\t<path class=\"elementor-shape-fill\" opacity=\"0.33\" d=\"M473,67.3c-203.9,88.3-263.1-34-320.3,0C66,119.1,0,59.7,0,59.7V0h1000v59.7 c0,0-62.1,26.1-94.9,29.3c-32.8,3.3-62.8-12.3-75.8-22.1C806,49.6,745.3,8.7,694.9,4.7S492.4,59,473,67.3z\"\/>\n\t<path class=\"elementor-shape-fill\" opacity=\"0.66\" d=\"M734,67.3c-45.5,0-77.2-23.2-129.1-39.1c-28.6-8.7-150.3-10.1-254,39.1 s-91.7-34.4-149.2,0C115.7,118.3,0,39.8,0,39.8V0h1000v36.5c0,0-28.2-18.5-92.1-18.5C810.2,18.1,775.7,67.3,734,67.3z\"\/>\n\t<path class=\"elementor-shape-fill\" d=\"M766.1,28.9c-200-57.5-266,65.5-395.1,19.5C242,1.8,242,5.4,184.8,20.6C128,35.8,132.3,44.9,89.9,52.5C28.6,63.7,0,0,0,0 h1000c0,0-9.9,40.9-83.6,48.1S829.6,47,766.1,28.9z\"\/>\n<\/svg>\t\t<\/div>\n\t\t\t\t\t<div class=\"elementor-container elementor-column-gap-default\">\n\t\t\t\t\t<div class=\"elementor-column elementor-col-50 elementor-top-column elementor-element elementor-element-3e64138\" data-id=\"3e64138\" data-element_type=\"column\" data-e-type=\"column\">\n\t\t\t<div class=\"elementor-widget-wrap elementor-element-populated\">\n\t\t\t\t\t\t<div class=\"elementor-element elementor-element-a65e8c4 elementor-widget elementor-widget-spacer\" data-id=\"a65e8c4\" data-element_type=\"widget\" data-e-type=\"widget\" data-widget_type=\"spacer.default\">\n\t\t\t\t<div class=\"elementor-widget-container\">\n\t\t\t\t\t\t\t<div class=\"elementor-spacer\">\n\t\t\t<div class=\"elementor-spacer-inner\"><\/div>\n\t\t<\/div>\n\t\t\t\t\t\t<\/div>\n\t\t\t\t<\/div>\n\t\t\t\t\t<\/div>\n\t\t<\/div>\n\t\t\t\t<div class=\"elementor-column elementor-col-50 elementor-top-column elementor-element elementor-element-c3fafe1\" data-id=\"c3fafe1\" data-element_type=\"column\" data-e-type=\"column\">\n\t\t\t<div class=\"elementor-widget-wrap\">\n\t\t\t\t\t\t\t<\/div>\n\t\t<\/div>\n\t\t\t\t\t<\/div>\n\t\t<\/section>\n\t\t\t\t<section class=\"elementor-section elementor-top-section elementor-element elementor-element-186dfae elementor-section-boxed elementor-section-height-default elementor-section-height-default\" data-id=\"186dfae\" data-element_type=\"section\" data-e-type=\"section\">\n\t\t\t\t\t\t<div class=\"elementor-container elementor-column-gap-default\">\n\t\t\t\t\t<div class=\"elementor-column elementor-col-100 elementor-top-column elementor-element elementor-element-3e5539e\" data-id=\"3e5539e\" data-element_type=\"column\" data-e-type=\"column\">\n\t\t\t<div class=\"elementor-widget-wrap elementor-element-populated\">\n\t\t\t\t\t\t<div class=\"elementor-element elementor-element-7efe1f9 elementor-hidden-tablet elementor-hidden-mobile elementor-widget elementor-widget-spacer\" data-id=\"7efe1f9\" data-element_type=\"widget\" data-e-type=\"widget\" data-widget_type=\"spacer.default\">\n\t\t\t\t<div class=\"elementor-widget-container\">\n\t\t\t\t\t\t\t<div class=\"elementor-spacer\">\n\t\t\t<div class=\"elementor-spacer-inner\"><\/div>\n\t\t<\/div>\n\t\t\t\t\t\t<\/div>\n\t\t\t\t<\/div>\n\t\t\t\t<div class=\"elementor-element elementor-element-5bbe760 animated-slow elementor-invisible elementor-widget elementor-widget-heading\" data-id=\"5bbe760\" data-element_type=\"widget\" data-e-type=\"widget\" data-settings=\"{&quot;_animation&quot;:&quot;pulse&quot;,&quot;_animation_delay&quot;:30}\" data-widget_type=\"heading.default\">\n\t\t\t\t<div class=\"elementor-widget-container\">\n\t\t\t\t\t<h3 class=\"elementor-heading-title elementor-size-default\">\u00dcber PROMEGA<\/h3>\t\t\t\t<\/div>\n\t\t\t\t<\/div>\n\t\t\t\t\t<\/div>\n\t\t<\/div>\n\t\t\t\t\t<\/div>\n\t\t<\/section>\n\t\t\t\t<section class=\"elementor-section elementor-top-section elementor-element elementor-element-506bf5e elementor-section-boxed elementor-section-height-default elementor-section-height-default\" data-id=\"506bf5e\" data-element_type=\"section\" data-e-type=\"section\">\n\t\t\t\t\t\t<div class=\"elementor-container elementor-column-gap-default\">\n\t\t\t\t\t<div class=\"elementor-column elementor-col-100 elementor-top-column elementor-element elementor-element-d776dea\" data-id=\"d776dea\" data-element_type=\"column\" data-e-type=\"column\">\n\t\t\t<div class=\"elementor-widget-wrap elementor-element-populated\">\n\t\t\t\t\t\t<div class=\"elementor-element elementor-element-ee16912 elementor-widget elementor-widget-text-editor\" data-id=\"ee16912\" data-element_type=\"widget\" data-e-type=\"widget\" data-widget_type=\"text-editor.default\">\n\t\t\t\t<div class=\"elementor-widget-container\">\n\t\t\t\t\t\t\t\t\t<p><strong>\u201eQualit\u00e4t verbindet\u201c <\/strong>&#8211;\u00a0unser Slogan spiegelt exakt die Philosophie von PROMEGA wider.<\/p>\t\t\t\t\t\t\t\t<\/div>\n\t\t\t\t<\/div>\n\t\t\t\t\t<\/div>\n\t\t<\/div>\n\t\t\t\t\t<\/div>\n\t\t<\/section>\n\t\t\t\t<section class=\"elementor-section elementor-top-section elementor-element elementor-element-2a00c19 elementor-hidden-tablet elementor-hidden-mobile elementor-section-boxed elementor-section-height-default elementor-section-height-default\" data-id=\"2a00c19\" data-element_type=\"section\" data-e-type=\"section\">\n\t\t\t\t\t\t<div class=\"elementor-container elementor-column-gap-default\">\n\t\t\t\t\t<div class=\"elementor-column elementor-col-100 elementor-top-column elementor-element elementor-element-080e314\" data-id=\"080e314\" data-element_type=\"column\" data-e-type=\"column\">\n\t\t\t<div class=\"elementor-widget-wrap elementor-element-populated\">\n\t\t\t\t\t\t<div class=\"elementor-element elementor-element-0527564 elementor-widget elementor-widget-spacer\" data-id=\"0527564\" data-element_type=\"widget\" data-e-type=\"widget\" data-widget_type=\"spacer.default\">\n\t\t\t\t<div class=\"elementor-widget-container\">\n\t\t\t\t\t\t\t<div class=\"elementor-spacer\">\n\t\t\t<div class=\"elementor-spacer-inner\"><\/div>\n\t\t<\/div>\n\t\t\t\t\t\t<\/div>\n\t\t\t\t<\/div>\n\t\t\t\t\t<\/div>\n\t\t<\/div>\n\t\t\t\t\t<\/div>\n\t\t<\/section>\n\t\t\t\t<section class=\"elementor-section elementor-top-section elementor-element elementor-element-7874bfa elementor-section-boxed elementor-section-height-default elementor-section-height-default\" data-id=\"7874bfa\" data-element_type=\"section\" data-e-type=\"section\">\n\t\t\t\t\t\t<div class=\"elementor-container elementor-column-gap-default\">\n\t\t\t\t\t<div class=\"elementor-column elementor-col-50 elementor-top-column elementor-element elementor-element-0c612ba\" data-id=\"0c612ba\" data-element_type=\"column\" data-e-type=\"column\">\n\t\t\t<div class=\"elementor-widget-wrap elementor-element-populated\">\n\t\t\t\t\t\t<div class=\"elementor-element elementor-element-27a799d4 elementor-widget elementor-widget-text-editor\" data-id=\"27a799d4\" data-element_type=\"widget\" data-e-type=\"widget\" data-widget_type=\"text-editor.default\">\n\t\t\t\t<div class=\"elementor-widget-container\">\n\t\t\t\t\t\t\t\t\t<p>Unsere Leidenschaft f\u00fcr Metalle treibt uns an, unser Wissen zu teilen und Unternehmen f\u00fcr die Herausforderungen unserer Zeit zu st\u00e4rken. Deshalb sind wir Ihr Partner f\u00fcr Stahl- und Kupferprodukte \u2013 <b>und das alles aus einer Hand.<\/b><\/p><p>Seit 1985 beraten, beschaffen und verarbeiten wir Metalle. Mit unserem Service-Center erreichen wir eine hohe Flexibilit\u00e4t im Hinblick auf unsere Flachprodukte und deren Anwendungen..<\/p><p>Wir sind ein erfahrenes, selbst organisiertes und interdisziplin\u00e4res Team, das kommunikative Barrieren, Administration, Finanzierung und nicht zuletzt die langen Lieferzeiten f\u00fcr Sie \u00fcberbr\u00fcckt.<\/p><p>\u00a0<\/p>\t\t\t\t\t\t\t\t<\/div>\n\t\t\t\t<\/div>\n\t\t\t\t\t<\/div>\n\t\t<\/div>\n\t\t\t\t<div class=\"elementor-column elementor-col-50 elementor-top-column elementor-element elementor-element-53d0604\" data-id=\"53d0604\" data-element_type=\"column\" data-e-type=\"column\">\n\t\t\t<div class=\"elementor-widget-wrap elementor-element-populated\">\n\t\t\t\t\t\t<div class=\"elementor-element elementor-element-5074604 elementor-widget elementor-widget-image\" data-id=\"5074604\" data-element_type=\"widget\" data-e-type=\"widget\" data-widget_type=\"image.default\">\n\t\t\t\t<div class=\"elementor-widget-container\">\n\t\t\t\t\t\t\t\t\t\t\t\t\t\t\t<img fetchpriority=\"high\" decoding=\"async\" width=\"1024\" height=\"683\" src=\"https:\/\/www.promega.cc\/wp-content\/uploads\/2020\/12\/copper-mexico-1024x683.jpg\" class=\"attachment-large size-large wp-image-609\" alt=\"\" srcset=\"https:\/\/www.promega.cc\/wp-content\/uploads\/2020\/12\/copper-mexico-1024x683.jpg 1024w, https:\/\/www.promega.cc\/wp-content\/uploads\/2020\/12\/copper-mexico-300x200.jpg 300w, https:\/\/www.promega.cc\/wp-content\/uploads\/2020\/12\/copper-mexico-768x512.jpg 768w, https:\/\/www.promega.cc\/wp-content\/uploads\/2020\/12\/copper-mexico-1536x1024.jpg 1536w, https:\/\/www.promega.cc\/wp-content\/uploads\/2020\/12\/copper-mexico-2048x1365.jpg 2048w, https:\/\/www.promega.cc\/wp-content\/uploads\/2020\/12\/copper-mexico-16x12.jpg 16w\" sizes=\"(max-width: 1024px) 100vw, 1024px\" \/>\t\t\t\t\t\t\t\t\t\t\t\t\t\t\t<\/div>\n\t\t\t\t<\/div>\n\t\t\t\t\t<\/div>\n\t\t<\/div>\n\t\t\t\t\t<\/div>\n\t\t<\/section>\n\t\t\t\t<section class=\"elementor-section elementor-top-section elementor-element elementor-element-d456c19 elementor-section-boxed elementor-section-height-default elementor-section-height-default\" data-id=\"d456c19\" data-element_type=\"section\" data-e-type=\"section\">\n\t\t\t\t\t\t<div class=\"elementor-container elementor-column-gap-default\">\n\t\t\t\t\t<div class=\"elementor-column elementor-col-50 elementor-top-column elementor-element elementor-element-c4b8705\" data-id=\"c4b8705\" data-element_type=\"column\" data-e-type=\"column\">\n\t\t\t<div class=\"elementor-widget-wrap elementor-element-populated\">\n\t\t\t\t\t\t<div class=\"elementor-element elementor-element-96393dd elementor-widget elementor-widget-heading\" data-id=\"96393dd\" data-element_type=\"widget\" data-e-type=\"widget\" data-widget_type=\"heading.default\">\n\t\t\t\t<div class=\"elementor-widget-container\">\n\t\t\t\t\t<h2 class=\"elementor-heading-title elementor-size-default\">ISO 9001 und ISO 14001 zertifiziert<\/h2>\t\t\t\t<\/div>\n\t\t\t\t<\/div>\n\t\t\t\t<div class=\"elementor-element elementor-element-f5ec0ce elementor-widget elementor-widget-text-editor\" data-id=\"f5ec0ce\" data-element_type=\"widget\" data-e-type=\"widget\" data-widget_type=\"text-editor.default\">\n\t\t\t\t<div class=\"elementor-widget-container\">\n\t\t\t\t\t\t\t\t\t<p>Wir sind nach ISO 9001 und ISO 14001 zertifiziert.<\/p><ul><li><b>ISO 9001:2015:\u00a0 \u00a0<\/b><strong>Qualit\u00e4t &amp; kontinuierlicher Verbesserungsprozess<\/strong><br \/>Wir weisen durch eine ISO-Zertifizierung nach, dass wir die Standards im Qualit\u00e4tsmanagement einhalten.\u00a0<\/li><\/ul>\t\t\t\t\t\t\t\t<\/div>\n\t\t\t\t<\/div>\n\t\t\t\t<div class=\"elementor-element elementor-element-361ec65 elementor-widget elementor-widget-text-editor\" data-id=\"361ec65\" data-element_type=\"widget\" data-e-type=\"widget\" data-widget_type=\"text-editor.default\">\n\t\t\t\t<div class=\"elementor-widget-container\">\n\t\t\t\t\t\t\t\t\t<ul><li><b>ISO 14001:2015:\u00a0 \u00a0Umwelt &amp; Nachhaltigkeit<br \/><\/b><span style=\"color: var( --e-global-color-kadence3 ); font-family: var(--global-body-font-family);\">Mit dem ISO 14001 Zertifikat weisen wir nach, dass wir f\u00fcr<\/span><b style=\"color: var( --e-global-color-kadence3 ); font-family: var(--global-body-font-family);\"> <\/b><span style=\"color: var( --e-global-color-kadence3 ); font-family: var(--global-body-font-family);\">effizientes und wirksames Umweltbewusstsein und der Einsparung von Ressourcen stehen.<\/span><\/li><\/ul>\t\t\t\t\t\t\t\t<\/div>\n\t\t\t\t<\/div>\n\t\t\t\t\t<\/div>\n\t\t<\/div>\n\t\t\t\t<div class=\"elementor-column elementor-col-50 elementor-top-column elementor-element elementor-element-0390603\" data-id=\"0390603\" data-element_type=\"column\" data-e-type=\"column\">\n\t\t\t<div class=\"elementor-widget-wrap elementor-element-populated\">\n\t\t\t\t\t\t<div class=\"elementor-element elementor-element-87b9d7c elementor-widget elementor-widget-theme-post-featured-image elementor-widget-image\" data-id=\"87b9d7c\" data-element_type=\"widget\" data-e-type=\"widget\" data-widget_type=\"theme-post-featured-image.default\">\n\t\t\t\t<div class=\"elementor-widget-container\">\n\t\t\t\t\t\t\t\t\t\t\t\t\t\t\t<img decoding=\"async\" width=\"300\" height=\"151\" src=\"https:\/\/www.promega.cc\/wp-content\/uploads\/2024\/04\/promega_ISO-300x151.png\" class=\"attachment-medium size-medium wp-image-792773\" alt=\"\" srcset=\"https:\/\/www.promega.cc\/wp-content\/uploads\/2024\/04\/promega_ISO-300x151.png 300w, https:\/\/www.promega.cc\/wp-content\/uploads\/2024\/04\/promega_ISO-1024x517.png 1024w, https:\/\/www.promega.cc\/wp-content\/uploads\/2024\/04\/promega_ISO-768x387.png 768w, https:\/\/www.promega.cc\/wp-content\/uploads\/2024\/04\/promega_ISO-18x9.png 18w, https:\/\/www.promega.cc\/wp-content\/uploads\/2024\/04\/promega_ISO.png 1102w\" sizes=\"(max-width: 300px) 100vw, 300px\" \/>\t\t\t\t\t\t\t\t\t\t\t\t\t\t\t<\/div>\n\t\t\t\t<\/div>\n\t\t\t\t\t<\/div>\n\t\t<\/div>\n\t\t\t\t\t<\/div>\n\t\t<\/section>\n\t\t\t\t<section class=\"elementor-section elementor-top-section elementor-element elementor-element-28cc58c elementor-section-boxed elementor-section-height-default elementor-section-height-default\" data-id=\"28cc58c\" data-element_type=\"section\" data-e-type=\"section\">\n\t\t\t\t\t\t<div class=\"elementor-container elementor-column-gap-default\">\n\t\t\t\t\t<div class=\"elementor-column elementor-col-25 elementor-top-column elementor-element elementor-element-edb77c4\" data-id=\"edb77c4\" data-element_type=\"column\" data-e-type=\"column\">\n\t\t\t<div class=\"elementor-widget-wrap\">\n\t\t\t\t\t\t\t<\/div>\n\t\t<\/div>\n\t\t\t\t<div class=\"elementor-column elementor-col-25 elementor-top-column elementor-element elementor-element-e9e0505\" data-id=\"e9e0505\" data-element_type=\"column\" data-e-type=\"column\">\n\t\t\t<div class=\"elementor-widget-wrap elementor-element-populated\">\n\t\t\t\t\t\t<div class=\"elementor-element elementor-element-05e4f60 elementor-widget elementor-widget-text-editor\" data-id=\"05e4f60\" data-element_type=\"widget\" data-e-type=\"widget\" data-widget_type=\"text-editor.default\">\n\t\t\t\t<div class=\"elementor-widget-container\">\n\t\t\t\t\t\t\t\t\t<p>Mit unseren durchsortierten Lagern in\u00a0<strong>\u00d6sterreich<\/strong>,\u00a0<strong>Deutschland<\/strong>\u00a0und der\u00a0<strong>Schweiz<\/strong>\u00a0sind wir auch f\u00fcr den prompten Bedarf f\u00fcr Sie die richtige Anlaufstelle.<\/p><p>Auf \u00fcber <strong>6.000 m\u00b2 Lagerfl\u00e4che<\/strong> halten wir Kupfer und Stahl verschiedenster Hersteller aus der ganzen Welt bereit.<\/p>\t\t\t\t\t\t\t\t<\/div>\n\t\t\t\t<\/div>\n\t\t\t\t\t<\/div>\n\t\t<\/div>\n\t\t\t\t<div class=\"elementor-column elementor-col-25 elementor-top-column elementor-element elementor-element-a51cbf4\" data-id=\"a51cbf4\" data-element_type=\"column\" data-e-type=\"column\">\n\t\t\t<div class=\"elementor-widget-wrap elementor-element-populated\">\n\t\t\t\t\t\t<div class=\"elementor-element elementor-element-c295c33 elementor-widget elementor-widget-image\" data-id=\"c295c33\" data-element_type=\"widget\" data-e-type=\"widget\" data-widget_type=\"image.default\">\n\t\t\t\t<div class=\"elementor-widget-container\">\n\t\t\t\t\t\t\t\t\t\t\t\t\t\t\t<img decoding=\"async\" width=\"271\" height=\"300\" src=\"https:\/\/www.promega.cc\/wp-content\/uploads\/2020\/12\/DEATCH-Karte-1-271x300.png\" class=\"attachment-medium size-medium wp-image-842\" alt=\"\" srcset=\"https:\/\/www.promega.cc\/wp-content\/uploads\/2020\/12\/DEATCH-Karte-1-271x300.png 271w, https:\/\/www.promega.cc\/wp-content\/uploads\/2020\/12\/DEATCH-Karte-1-925x1024.png 925w, https:\/\/www.promega.cc\/wp-content\/uploads\/2020\/12\/DEATCH-Karte-1-768x850.png 768w, https:\/\/www.promega.cc\/wp-content\/uploads\/2020\/12\/DEATCH-Karte-1-11x12.png 11w, https:\/\/www.promega.cc\/wp-content\/uploads\/2020\/12\/DEATCH-Karte-1.png 1203w\" sizes=\"(max-width: 271px) 100vw, 271px\" \/>\t\t\t\t\t\t\t\t\t\t\t\t\t\t\t<\/div>\n\t\t\t\t<\/div>\n\t\t\t\t\t<\/div>\n\t\t<\/div>\n\t\t\t\t<div class=\"elementor-column elementor-col-25 elementor-top-column elementor-element elementor-element-07f74a9\" data-id=\"07f74a9\" data-element_type=\"column\" data-e-type=\"column\">\n\t\t\t<div class=\"elementor-widget-wrap\">\n\t\t\t\t\t\t\t<\/div>\n\t\t<\/div>\n\t\t\t\t\t<\/div>\n\t\t<\/section>\n\t\t\t\t<section class=\"elementor-section elementor-top-section elementor-element elementor-element-5e7f292 elementor-section-boxed elementor-section-height-default elementor-section-height-default\" data-id=\"5e7f292\" data-element_type=\"section\" data-e-type=\"section\">\n\t\t\t\t\t\t<div class=\"elementor-container elementor-column-gap-default\">\n\t\t\t\t\t<div class=\"elementor-column elementor-col-100 elementor-top-column elementor-element elementor-element-e763d98\" data-id=\"e763d98\" data-element_type=\"column\" data-e-type=\"column\">\n\t\t\t<div class=\"elementor-widget-wrap elementor-element-populated\">\n\t\t\t\t\t\t<div class=\"elementor-element elementor-element-8e55de6 elementor-widget elementor-widget-spacer\" data-id=\"8e55de6\" data-element_type=\"widget\" data-e-type=\"widget\" data-widget_type=\"spacer.default\">\n\t\t\t\t<div class=\"elementor-widget-container\">\n\t\t\t\t\t\t\t<div class=\"elementor-spacer\">\n\t\t\t<div class=\"elementor-spacer-inner\"><\/div>\n\t\t<\/div>\n\t\t\t\t\t\t<\/div>\n\t\t\t\t<\/div>\n\t\t\t\t\t<\/div>\n\t\t<\/div>\n\t\t\t\t\t<\/div>\n\t\t<\/section>\n\t\t\t\t<section class=\"elementor-section elementor-top-section elementor-element elementor-element-19d329b elementor-section-boxed elementor-section-height-default elementor-section-height-default\" data-id=\"19d329b\" data-element_type=\"section\" data-e-type=\"section\">\n\t\t\t\t\t\t<div class=\"elementor-container elementor-column-gap-default\">\n\t\t\t\t\t<div class=\"elementor-column elementor-col-100 elementor-top-column elementor-element elementor-element-e851575\" data-id=\"e851575\" data-element_type=\"column\" data-e-type=\"column\">\n\t\t\t<div class=\"elementor-widget-wrap elementor-element-populated\">\n\t\t\t\t\t\t<div class=\"elementor-element elementor-element-cf35b67 elementor-widget elementor-widget-heading\" data-id=\"cf35b67\" data-element_type=\"widget\" data-e-type=\"widget\" data-widget_type=\"heading.default\">\n\t\t\t\t<div class=\"elementor-widget-container\">\n\t\t\t\t\t<h2 class=\"elementor-heading-title elementor-size-default\">Kompetenz, Verl\u00e4sslichkeit und Service zeichnen uns aus. <\/h2>\t\t\t\t<\/div>\n\t\t\t\t<\/div>\n\t\t\t\t\t<\/div>\n\t\t<\/div>\n\t\t\t\t\t<\/div>\n\t\t<\/section>\n\t\t\t\t<section class=\"elementor-section elementor-top-section elementor-element elementor-element-0e47947 elementor-section-boxed elementor-section-height-default elementor-section-height-default\" data-id=\"0e47947\" data-element_type=\"section\" data-e-type=\"section\">\n\t\t\t\t\t\t<div class=\"elementor-container elementor-column-gap-default\">\n\t\t\t\t\t<div class=\"elementor-column elementor-col-33 elementor-top-column elementor-element elementor-element-40af29a\" data-id=\"40af29a\" data-element_type=\"column\" data-e-type=\"column\">\n\t\t\t<div class=\"elementor-widget-wrap\">\n\t\t\t\t\t\t\t<\/div>\n\t\t<\/div>\n\t\t\t\t<div class=\"elementor-column elementor-col-33 elementor-top-column elementor-element elementor-element-1b54aea\" data-id=\"1b54aea\" data-element_type=\"column\" data-e-type=\"column\">\n\t\t\t<div class=\"elementor-widget-wrap elementor-element-populated\">\n\t\t\t\t\t\t<div class=\"elementor-element elementor-element-a2d2412 elementor-widget elementor-widget-text-editor\" data-id=\"a2d2412\" data-element_type=\"widget\" data-e-type=\"widget\" data-widget_type=\"text-editor.default\">\n\t\t\t\t<div class=\"elementor-widget-container\">\n\t\t\t\t\t\t\t\t\t<p>Unsere langj\u00e4hrigen Partnerschaften mit Herstellern aus aller Welt und unsere umfangreichen Erfahrungen im Stahl- und Kupfergesch\u00e4ft sichern Ihnen die Qualit\u00e4t und Anforderungen, die Sie von uns als Lieferant erwarten k\u00f6nnen.<\/p>\n<p>Die Zufriedenheit unserer Kunden ist die Basis f\u00fcr unser t\u00e4gliches Gesch\u00e4ft.<\/p>\n<p>Diese erreichen wir durch deren Vertrauen geb\u00fcndelt mit unserer Qualit\u00e4t, denn <b>\u201eQualit\u00e4t verbindet\u201c<\/b>.<\/p>\t\t\t\t\t\t\t\t<\/div>\n\t\t\t\t<\/div>\n\t\t\t\t\t<\/div>\n\t\t<\/div>\n\t\t\t\t<div class=\"elementor-column elementor-col-33 elementor-top-column elementor-element elementor-element-318048d\" data-id=\"318048d\" data-element_type=\"column\" data-e-type=\"column\">\n\t\t\t<div class=\"elementor-widget-wrap\">\n\t\t\t\t\t\t\t<\/div>\n\t\t<\/div>\n\t\t\t\t\t<\/div>\n\t\t<\/section>\n\t\t\t\t<section class=\"elementor-section elementor-top-section elementor-element elementor-element-58a2c73 elementor-section-boxed elementor-section-height-default elementor-section-height-default\" data-id=\"58a2c73\" data-element_type=\"section\" data-e-type=\"section\" data-settings=\"{&quot;background_background&quot;:&quot;slideshow&quot;,&quot;background_slideshow_gallery&quot;:[{&quot;id&quot;:2290,&quot;url&quot;:&quot;https:\\\/\\\/www.promega.cc\\\/wp-content\\\/uploads\\\/2020\\\/12\\\/barge-scaled.jpg&quot;},{&quot;id&quot;:2285,&quot;url&quot;:&quot;https:\\\/\\\/www.promega.cc\\\/wp-content\\\/uploads\\\/2020\\\/12\\\/port-scaled.jpg&quot;},{&quot;id&quot;:607,&quot;url&quot;:&quot;https:\\\/\\\/www.promega.cc\\\/wp-content\\\/uploads\\\/2020\\\/12\\\/ship-scaled.jpg&quot;},{&quot;id&quot;:608,&quot;url&quot;:&quot;https:\\\/\\\/www.promega.cc\\\/wp-content\\\/uploads\\\/2020\\\/12\\\/copper-chile-scaled.jpg&quot;}],&quot;background_slideshow_transition_duration&quot;:3000,&quot;background_slideshow_loop&quot;:&quot;yes&quot;,&quot;background_slideshow_slide_duration&quot;:5000,&quot;background_slideshow_slide_transition&quot;:&quot;fade&quot;}\">\n\t\t\t\t\t\t<div class=\"elementor-container elementor-column-gap-default\">\n\t\t\t\t\t<div class=\"elementor-column elementor-col-100 elementor-top-column elementor-element elementor-element-ad87768\" data-id=\"ad87768\" data-element_type=\"column\" data-e-type=\"column\">\n\t\t\t<div class=\"elementor-widget-wrap elementor-element-populated\">\n\t\t\t\t\t\t<div class=\"elementor-element elementor-element-8588bce elementor-widget elementor-widget-spacer\" data-id=\"8588bce\" data-element_type=\"widget\" data-e-type=\"widget\" data-widget_type=\"spacer.default\">\n\t\t\t\t<div class=\"elementor-widget-container\">\n\t\t\t\t\t\t\t<div class=\"elementor-spacer\">\n\t\t\t<div class=\"elementor-spacer-inner\"><\/div>\n\t\t<\/div>\n\t\t\t\t\t\t<\/div>\n\t\t\t\t<\/div>\n\t\t\t\t\t<\/div>\n\t\t<\/div>\n\t\t\t\t\t<\/div>\n\t\t<\/section>\n\t\t\t\t<\/div>\n\t\t","protected":false},"excerpt":{"rendered":"<p>\u00dcber PROMEGA \u201eQualit\u00e4t verbindet\u201c &#8211;\u00a0unser Slogan spiegelt exakt die Philosophie von PROMEGA wider. Unsere Leidenschaft f\u00fcr Metalle treibt uns an, unser Wissen zu teilen und Unternehmen f\u00fcr die Herausforderungen unserer&#8230;<\/p>\n","protected":false},"author":1,"featured_media":0,"parent":0,"menu_order":0,"comment_status":"closed","ping_status":"closed","template":"elementor_header_footer","meta":{"_kad_post_transparent":"default","_kad_post_title":"hide","_kad_post_layout":"","_kad_post_sidebar_id":"","_kad_post_content_style":"unboxed","_kad_post_vertical_padding":"hide","_kad_post_feature":"hide","_kad_post_feature_position":"","_kad_post_header":false,"_kad_post_footer":false,"_kad_post_classname":"","footnotes":""},"class_list":["post-20","page","type-page","status-publish","hentry"],"_links":{"self":[{"href":"https:\/\/www.promega.cc\/de_de\/wp-json\/wp\/v2\/pages\/20","targetHints":{"allow":["GET"]}}],"collection":[{"href":"https:\/\/www.promega.cc\/de_de\/wp-json\/wp\/v2\/pages"}],"about":[{"href":"https:\/\/www.promega.cc\/de_de\/wp-json\/wp\/v2\/types\/page"}],"author":[{"embeddable":true,"href":"https:\/\/www.promega.cc\/de_de\/wp-json\/wp\/v2\/users\/1"}],"replies":[{"embeddable":true,"href":"https:\/\/www.promega.cc\/de_de\/wp-json\/wp\/v2\/comments?post=20"}],"version-history":[{"count":0,"href":"https:\/\/www.promega.cc\/de_de\/wp-json\/wp\/v2\/pages\/20\/revisions"}],"wp:attachment":[{"href":"https:\/\/www.promega.cc\/de_de\/wp-json\/wp\/v2\/media?parent=20"}],"curies":[{"name":"wp","href":"https:\/\/api.w.org\/{rel}","templated":true}]}}